{"id":2413,"date":"2026-02-25T23:03:42","date_gmt":"2026-02-25T23:03:42","guid":{"rendered":"https:\/\/amve.org.uk\/?page_id=2413"},"modified":"2026-02-25T23:04:03","modified_gmt":"2026-02-25T23:04:03","slug":"competition-terms-reszveteli-feltetelek","status":"publish","type":"page","link":"https:\/\/amve.org.uk\/en\/competition-terms-reszveteli-feltetelek\/","title":{"rendered":"Competition Terms \/ R\u00e9szv\u00e9teli Felt\u00e9telek"},"content":{"rendered":"<p><strong>ENGLISH<\/strong><\/p>\n\n\n\n<ul class=\"wp-block-list\">\n<li>Registration required<\/li>\n\n\n\n<li>Age categories defined in advance<\/li>\n\n\n\n<li>Jury decisions are final<\/li>\n\n\n\n<li>Data handled per Privacy Policy<\/li>\n<\/ul>\n\n\n\n<p><strong>MAGYAR<\/strong><\/p>\n\n\n\n<ul class=\"wp-block-list\">\n<li>Regisztr\u00e1ci\u00f3 sz\u00fcks\u00e9ges<\/li>\n\n\n\n<li>Korcsoportok el\u0151re meghat\u00e1rozva<\/li>\n\n\n\n<li>A zs\u0171ri d\u00f6nt\u00e9se v\u00e9gleges<\/li>\n\n\n\n<li>Az adatkezel\u00e9s az Adatv\u00e9delmi t\u00e1j\u00e9koztat\u00f3 szerint t\u00f6rt\u00e9nik<\/li>\n<\/ul>","protected":false},"excerpt":{"rendered":"<p>ENGLISH MAGYAR<\/p>","protected":false},"author":1,"featured_media":0,"parent":0,"menu_order":0,"comment_status":"closed","ping_status":"closed","template":"","meta":{"_acf_changed":false,"footnotes":""},"class_list":["post-2413","page","type-page","status-publish","hentry"],"acf":[],"_links":{"self":[{"href":"https:\/\/amve.org.uk\/en\/wp-json\/wp\/v2\/pages\/2413","targetHints":{"allow":["GET"]}}],"collection":[{"href":"https:\/\/amve.org.uk\/en\/wp-json\/wp\/v2\/pages"}],"about":[{"href":"https:\/\/amve.org.uk\/en\/wp-json\/wp\/v2\/types\/page"}],"author":[{"embeddable":true,"href":"https:\/\/amve.org.uk\/en\/wp-json\/wp\/v2\/users\/1"}],"replies":[{"embeddable":true,"href":"https:\/\/amve.org.uk\/en\/wp-json\/wp\/v2\/comments?post=2413"}],"version-history":[{"count":2,"href":"https:\/\/amve.org.uk\/en\/wp-json\/wp\/v2\/pages\/2413\/revisions"}],"predecessor-version":[{"id":2415,"href":"https:\/\/amve.org.uk\/en\/wp-json\/wp\/v2\/pages\/2413\/revisions\/2415"}],"wp:attachment":[{"href":"https:\/\/amve.org.uk\/en\/wp-json\/wp\/v2\/media?parent=2413"}],"curies":[{"name":"wp","href":"https:\/\/api.w.org\/{rel}","templated":true}]}}