{"id":2411,"date":"2026-02-25T23:03:23","date_gmt":"2026-02-25T23:03:23","guid":{"rendered":"https:\/\/amve.org.uk\/?page_id=2411"},"modified":"2026-02-25T23:04:25","modified_gmt":"2026-02-25T23:04:25","slug":"complaints-policy-panaszkezeles","status":"publish","type":"page","link":"https:\/\/amve.org.uk\/en\/complaints-policy-panaszkezeles\/","title":{"rendered":"Complaints Policy \/ Panaszkezel\u00e9s"},"content":{"rendered":"<p><strong>ENGLISH<\/strong><\/p>\n\n\n\n<p>Complaints may be submitted in writing.<\/p>\n\n\n\n<p>Acknowledgement and full response within 21 days.<\/p>\n\n\n\n<hr class=\"wp-block-separator has-alpha-channel-opacity\"\/>\n\n\n\n<p><strong>MAGYAR<\/strong><\/p>\n\n\n\n<p>Panasz \u00edr\u00e1sban ny\u00fajthat\u00f3 be.<\/p>\n\n\n\n<p>21 napon bel\u00fcl visszaigazol\u00e1s \u00e9s \u00e9rdemi v\u00e1laszt ny\u00fajtunk.<\/p>","protected":false},"excerpt":{"rendered":"<p>ENGLISH Complaints may be submitted in writing. Acknowledgement and full response within 21 days. MAGYAR Panasz \u00edr\u00e1sban ny\u00fajthat\u00f3 be. 21 napon bel\u00fcl visszaigazol\u00e1s \u00e9s \u00e9rdemi v\u00e1laszt ny\u00fajtunk.<\/p>","protected":false},"author":1,"featured_media":0,"parent":0,"menu_order":0,"comment_status":"closed","ping_status":"closed","template":"","meta":{"_acf_changed":false,"footnotes":""},"class_list":["post-2411","page","type-page","status-publish","hentry"],"acf":[],"_links":{"self":[{"href":"https:\/\/amve.org.uk\/en\/wp-json\/wp\/v2\/pages\/2411","targetHints":{"allow":["GET"]}}],"collection":[{"href":"https:\/\/amve.org.uk\/en\/wp-json\/wp\/v2\/pages"}],"about":[{"href":"https:\/\/amve.org.uk\/en\/wp-json\/wp\/v2\/types\/page"}],"author":[{"embeddable":true,"href":"https:\/\/amve.org.uk\/en\/wp-json\/wp\/v2\/users\/1"}],"replies":[{"embeddable":true,"href":"https:\/\/amve.org.uk\/en\/wp-json\/wp\/v2\/comments?post=2411"}],"version-history":[{"count":2,"href":"https:\/\/amve.org.uk\/en\/wp-json\/wp\/v2\/pages\/2411\/revisions"}],"predecessor-version":[{"id":2416,"href":"https:\/\/amve.org.uk\/en\/wp-json\/wp\/v2\/pages\/2411\/revisions\/2416"}],"wp:attachment":[{"href":"https:\/\/amve.org.uk\/en\/wp-json\/wp\/v2\/media?parent=2411"}],"curies":[{"name":"wp","href":"https:\/\/api.w.org\/{rel}","templated":true}]}}