{"id":2409,"date":"2026-02-25T23:02:37","date_gmt":"2026-02-25T23:02:37","guid":{"rendered":"https:\/\/amve.org.uk\/?page_id=2409"},"modified":"2026-02-25T23:04:43","modified_gmt":"2026-02-25T23:04:43","slug":"media-photography-policy-media-es-fotozas","status":"publish","type":"page","link":"https:\/\/amve.org.uk\/en\/media-photography-policy-media-es-fotozas\/","title":{"rendered":"Media &amp; Photography Policy \/ M\u00e9dia \u00e9s Fot\u00f3z\u00e1s"},"content":{"rendered":"<p><strong>ENGLISH<\/strong><\/p>\n\n\n\n<p>Photos and videos may be taken at events for documentation and promotion.<\/p>\n\n\n\n<p>For participants under 18, written parental consent is required.<\/p>\n\n\n\n<p>Consent may be withdrawn at any time.<\/p>\n\n\n\n<hr class=\"wp-block-separator has-alpha-channel-opacity\"\/>\n\n\n\n<p><strong>MAGYAR<\/strong><\/p>\n\n\n\n<p>Rendezv\u00e9nyeinken f\u00e9nyk\u00e9p- \u00e9s vide\u00f3felv\u00e9tel k\u00e9sz\u00fclhet dokument\u00e1ci\u00f3s \u00e9s prom\u00f3ci\u00f3s c\u00e9llal.<\/p>\n\n\n\n<p>18 \u00e9v alatti r\u00e9sztvev\u0151 eset\u00e9n \u00edr\u00e1sos sz\u00fcl\u0151i hozz\u00e1j\u00e1rul\u00e1s sz\u00fcks\u00e9ges.<\/p>","protected":false},"excerpt":{"rendered":"<p>ENGLISH Photos and videos may be taken at events for documentation and promotion. For participants under 18, written parental consent is required. Consent may be withdrawn at any time. MAGYAR Rendezv\u00e9nyeinken f\u00e9nyk\u00e9p- \u00e9s vide\u00f3felv\u00e9tel k\u00e9sz\u00fclhet dokument\u00e1ci\u00f3s \u00e9s prom\u00f3ci\u00f3s c\u00e9llal. 18 \u00e9v alatti r\u00e9sztvev\u0151 eset\u00e9n \u00edr\u00e1sos sz\u00fcl\u0151i hozz\u00e1j\u00e1rul\u00e1s sz\u00fcks\u00e9ges.<\/p>","protected":false},"author":1,"featured_media":0,"parent":0,"menu_order":0,"comment_status":"closed","ping_status":"closed","template":"","meta":{"_acf_changed":false,"footnotes":""},"class_list":["post-2409","page","type-page","status-publish","hentry"],"acf":[],"_links":{"self":[{"href":"https:\/\/amve.org.uk\/en\/wp-json\/wp\/v2\/pages\/2409","targetHints":{"allow":["GET"]}}],"collection":[{"href":"https:\/\/amve.org.uk\/en\/wp-json\/wp\/v2\/pages"}],"about":[{"href":"https:\/\/amve.org.uk\/en\/wp-json\/wp\/v2\/types\/page"}],"author":[{"embeddable":true,"href":"https:\/\/amve.org.uk\/en\/wp-json\/wp\/v2\/users\/1"}],"replies":[{"embeddable":true,"href":"https:\/\/amve.org.uk\/en\/wp-json\/wp\/v2\/comments?post=2409"}],"version-history":[{"count":2,"href":"https:\/\/amve.org.uk\/en\/wp-json\/wp\/v2\/pages\/2409\/revisions"}],"predecessor-version":[{"id":2417,"href":"https:\/\/amve.org.uk\/en\/wp-json\/wp\/v2\/pages\/2409\/revisions\/2417"}],"wp:attachment":[{"href":"https:\/\/amve.org.uk\/en\/wp-json\/wp\/v2\/media?parent=2409"}],"curies":[{"name":"wp","href":"https:\/\/api.w.org\/{rel}","templated":true}]}}