{"id":2407,"date":"2026-02-25T23:02:19","date_gmt":"2026-02-25T23:02:19","guid":{"rendered":"https:\/\/amve.org.uk\/?page_id=2407"},"modified":"2026-02-25T23:04:53","modified_gmt":"2026-02-25T23:04:53","slug":"safeguarding-policy-gyermekvedelmi-szabalyzat","status":"publish","type":"page","link":"https:\/\/amve.org.uk\/en\/safeguarding-policy-gyermekvedelmi-szabalyzat\/","title":{"rendered":"\u00a0Safeguarding Policy \/ Gyermekv\u00e9delmi Szab\u00e1lyzat"},"content":{"rendered":"<p><strong>ENGLISH VERSION<\/strong><\/p>\n\n\n\n<p>The Association is committed to safeguarding children and young people.<\/p>\n\n\n\n<p>We ensure:<\/p>\n\n\n\n<ul class=\"wp-block-list\">\n<li>Written parental consent for minors<\/li>\n\n\n\n<li>Responsible adult supervision at events<\/li>\n\n\n\n<li>Safe event environments<\/li>\n\n\n\n<li>Clear reporting procedure for concerns<\/li>\n<\/ul>\n\n\n\n<p>Safeguarding contact: <a href=\"mailto:amveuk@gmail.com\">amveuk@gmail.com<\/a><\/p>\n\n\n\n<hr class=\"wp-block-separator has-alpha-channel-opacity\"\/>\n\n\n\n<p><strong>MAGYAR VERZI\u00d3<\/strong><\/p>\n\n\n\n<p>Az Egyes\u00fclet elk\u00f6telezett a gyermekek \u00e9s fiatalok biztons\u00e1ga mellett.<\/p>\n\n\n\n<p>Biztos\u00edtjuk:<\/p>\n\n\n\n<ul class=\"wp-block-list\">\n<li>\u00cdr\u00e1sos sz\u00fcl\u0151i hozz\u00e1j\u00e1rul\u00e1st<\/li>\n\n\n\n<li>Felel\u0151s feln\u0151tt fel\u00fcgyeletet<\/li>\n\n\n\n<li>Biztons\u00e1gos rendezv\u00e9nyi k\u00f6rnyezetet<\/li>\n\n\n\n<li>Egy\u00e9rtelm\u0171 bejelent\u00e9si lehet\u0151s\u00e9get agg\u00e1ly eset\u00e9n<\/li>\n<\/ul>\n\n\n\n<p><\/p>","protected":false},"excerpt":{"rendered":"<p>ENGLISH VERSION The Association is committed to safeguarding children and young people. We ensure: Safeguarding contact: amveuk@gmail.com MAGYAR VERZI\u00d3 Az Egyes\u00fclet elk\u00f6telezett a gyermekek \u00e9s fiatalok biztons\u00e1ga mellett. Biztos\u00edtjuk:<\/p>","protected":false},"author":1,"featured_media":0,"parent":0,"menu_order":0,"comment_status":"closed","ping_status":"closed","template":"","meta":{"_acf_changed":false,"footnotes":""},"class_list":["post-2407","page","type-page","status-publish","hentry"],"acf":[],"_links":{"self":[{"href":"https:\/\/amve.org.uk\/en\/wp-json\/wp\/v2\/pages\/2407","targetHints":{"allow":["GET"]}}],"collection":[{"href":"https:\/\/amve.org.uk\/en\/wp-json\/wp\/v2\/pages"}],"about":[{"href":"https:\/\/amve.org.uk\/en\/wp-json\/wp\/v2\/types\/page"}],"author":[{"embeddable":true,"href":"https:\/\/amve.org.uk\/en\/wp-json\/wp\/v2\/users\/1"}],"replies":[{"embeddable":true,"href":"https:\/\/amve.org.uk\/en\/wp-json\/wp\/v2\/comments?post=2407"}],"version-history":[{"count":2,"href":"https:\/\/amve.org.uk\/en\/wp-json\/wp\/v2\/pages\/2407\/revisions"}],"predecessor-version":[{"id":2418,"href":"https:\/\/amve.org.uk\/en\/wp-json\/wp\/v2\/pages\/2407\/revisions\/2418"}],"wp:attachment":[{"href":"https:\/\/amve.org.uk\/en\/wp-json\/wp\/v2\/media?parent=2407"}],"curies":[{"name":"wp","href":"https:\/\/api.w.org\/{rel}","templated":true}]}}