{"id":2403,"date":"2026-02-25T22:59:25","date_gmt":"2026-02-25T22:59:25","guid":{"rendered":"https:\/\/amve.org.uk\/?page_id=2403"},"modified":"2026-03-07T07:13:31","modified_gmt":"2026-03-07T07:13:31","slug":"legal-status-jogi-statusz","status":"publish","type":"page","link":"https:\/\/amve.org.uk\/en\/legal-status-jogi-statusz\/","title":{"rendered":"Legal Status \/ Jogi st\u00e1tusz"},"content":{"rendered":"<p><strong>ENGLISH VERSION<\/strong><\/p>\n\n\n\n<p><strong>Legal Status<\/strong><\/p>\n\n\n\n<p>The Association of Hungarian Reciters in England operates under the administrative and legal umbrella of the Hungarian Culture and Heritage Society.<\/p>\n\n\n\n<p>All governance, financial administration, safeguarding compliance and data protection responsibilities are currently overseen by the above organisation in accordance with UK law.<\/p>\n\n\n\n<p><strong>For legal enquiries: amveuk@gmail.com<\/strong><\/p>\n\n\n\n<hr class=\"wp-block-separator has-alpha-channel-opacity\"\/>\n\n\n\n<p><strong>MAGYAR VERZI\u00d3<\/strong><\/p>\n\n\n\n<p><strong>Jogi st\u00e1tusz<\/strong><\/p>\n\n\n\n<p>Az Angliai Magyar Versmond\u00f3k Egyes\u00fclete a Magyar Kult\u00fara \u00e9s \u00d6r\u00f6ks\u00e9g Alap\u00edtv\u00e1ny adminisztrat\u00edv \u00e9s jogi fel\u00fcgyelete alatt m\u0171k\u00f6dik.<\/p>\n\n\n\n<p>Az ir\u00e1ny\u00edt\u00e1si, p\u00e9nz\u00fcgyi, adatv\u00e9delmi \u00e9s gyermekv\u00e9delmi megfelel\u00e9s biztos\u00edt\u00e1sa jelenleg az erny\u0151szervezet felel\u0151ss\u00e9ge az Egyes\u00fclt Kir\u00e1lys\u00e1g jogszab\u00e1lyai szerint.<\/p>\n\n\n\n<p><strong>Kapcsolat: <a href=\"mailto:amveuk@gmail.com\">amveuk@gmail.com<\/a><\/strong><\/p>","protected":false},"excerpt":{"rendered":"<p>ENGLISH VERSION Legal Status The Association of Hungarian Reciters in England operates under the administrative and legal umbrella of the Hungarian Culture and Heritage Society. All governance, financial administration, safeguarding compliance and data protection responsibilities are currently overseen by the above organisation in accordance with UK law. For legal enquiries: amveuk@gmail.com MAGYAR VERZI\u00d3 Jogi st\u00e1tusz [&hellip;]<\/p>\n","protected":false},"author":1,"featured_media":0,"parent":0,"menu_order":0,"comment_status":"closed","ping_status":"closed","template":"","meta":{"_acf_changed":false,"footnotes":""},"class_list":["post-2403","page","type-page","status-publish","hentry"],"acf":[],"_links":{"self":[{"href":"https:\/\/amve.org.uk\/en\/wp-json\/wp\/v2\/pages\/2403","targetHints":{"allow":["GET"]}}],"collection":[{"href":"https:\/\/amve.org.uk\/en\/wp-json\/wp\/v2\/pages"}],"about":[{"href":"https:\/\/amve.org.uk\/en\/wp-json\/wp\/v2\/types\/page"}],"author":[{"embeddable":true,"href":"https:\/\/amve.org.uk\/en\/wp-json\/wp\/v2\/users\/1"}],"replies":[{"embeddable":true,"href":"https:\/\/amve.org.uk\/en\/wp-json\/wp\/v2\/comments?post=2403"}],"version-history":[{"count":3,"href":"https:\/\/amve.org.uk\/en\/wp-json\/wp\/v2\/pages\/2403\/revisions"}],"predecessor-version":[{"id":2692,"href":"https:\/\/amve.org.uk\/en\/wp-json\/wp\/v2\/pages\/2403\/revisions\/2692"}],"wp:attachment":[{"href":"https:\/\/amve.org.uk\/en\/wp-json\/wp\/v2\/media?parent=2403"}],"curies":[{"name":"wp","href":"https:\/\/api.w.org\/{rel}","templated":true}]}}