{"id":1753,"date":"2026-01-17T18:29:16","date_gmt":"2026-01-17T18:29:16","guid":{"rendered":"https:\/\/amve.org.uk\/?page_id=1753"},"modified":"2026-02-25T23:05:09","modified_gmt":"2026-02-25T23:05:09","slug":"adatkezelesi-tajekoztato","status":"publish","type":"page","link":"https:\/\/amve.org.uk\/en\/adatkezelesi-tajekoztato\/","title":{"rendered":"Privacy Policy \/ Adatv\u00e9delmi T\u00e1j\u00e9koztat\u00f3"},"content":{"rendered":"<p><strong>ENGLISH VERSION<\/strong><\/p>\n\n\n\n<p><strong>1. Data Controller<\/strong><\/p>\n\n\n\n<p>The Association acts as data controller. The data administration is overseen by Hungarian Culture and Heritage Society.<\/p>\n\n\n\n<p><strong>2. Data Collected<\/strong><\/p>\n\n\n\n<p>We may collect:<\/p>\n\n\n\n<ul class=\"wp-block-list\">\n<li>Name<\/li>\n\n\n\n<li>Email address<\/li>\n\n\n\n<li>Telephone number<\/li>\n\n\n\n<li>Participant information (including minors)<\/li>\n\n\n\n<li>Photographs and video recordings (with consent)<\/li>\n<\/ul>\n\n\n\n<p><strong>3. Lawful Basis<\/strong><\/p>\n\n\n\n<p>Processing is based on:<\/p>\n\n\n\n<ul class=\"wp-block-list\">\n<li>Consent<\/li>\n\n\n\n<li>Legitimate interest<\/li>\n\n\n\n<li>Legal obligation (safeguarding)<\/li>\n<\/ul>\n\n\n\n<p><strong>4. Data Retention<\/strong><\/p>\n\n\n\n<p>Data is stored securely and retained only as long as necessary.<\/p>\n\n\n\n<p><strong>5. Your Rights<\/strong><\/p>\n\n\n\n<p>Under UK GDPR you have the right to:<\/p>\n\n\n\n<ul class=\"wp-block-list\">\n<li>Access your data<\/li>\n\n\n\n<li>Rectification<\/li>\n\n\n\n<li>Erasure<\/li>\n\n\n\n<li>Withdraw consent<\/li>\n\n\n\n<li>Lodge a complaint with the Information Commissioner\u2019s Office (ICO)<\/li>\n<\/ul>\n\n\n\n<hr class=\"wp-block-separator has-alpha-channel-opacity\"\/>\n\n\n\n<p><strong>MAGYAR VERZI\u00d3<\/strong><\/p>\n\n\n\n<p><strong>1. Adatkezel<\/strong><strong>\u0151<\/strong><strong><\/strong><\/p>\n\n\n\n<p>Az adatkezel\u0151az Angliai Magyar Versmond\u00f3k Egyes\u00fclete. Az adminisztrat\u00edv adatkezel\u00e9si fel\u00fcgyeletet a Magyar Kult\u00fara \u00e9s \u00d6r\u00f6ks\u00e9g Alap\u00edtv\u00e1ny biztos\u00edtja.<\/p>\n\n\n\n<p><strong>2. Kezelt adatok<\/strong><\/p>\n\n\n\n<ul class=\"wp-block-list\">\n<li>N\u00e9v<\/li>\n\n\n\n<li>Email c\u00edm<\/li>\n\n\n\n<li>Telefonsz\u00e1m<\/li>\n\n\n\n<li>R\u00e9sztvev\u0151i adatok (kiskor\u00faak eset\u00e9n is)<\/li>\n\n\n\n<li>F\u00e9nyk\u00e9p \u00e9s vide\u00f3 (hozz\u00e1j\u00e1rul\u00e1s alapj\u00e1n)<\/li>\n<\/ul>\n\n\n\n<p><strong>3. Jogalap<\/strong><\/p>\n\n\n\n<ul class=\"wp-block-list\">\n<li>Hozz\u00e1j\u00e1rul\u00e1s<\/li>\n\n\n\n<li>Jogos \u00e9rdek<\/li>\n\n\n\n<li>Jogi k\u00f6telezetts\u00e9g (gyermekv\u00e9delem)<\/li>\n<\/ul>\n\n\n\n<p><strong>4. Adatmeg<\/strong><strong>\u0151<\/strong><strong>rz\u00e9s<\/strong><\/p>\n\n\n\n<p>Az adatokat biztons\u00e1gosan \u00e9s csak a sz\u00fcks\u00e9ges ideig t\u00e1roljuk.<\/p>\n\n\n\n<p><strong>5. \u00c9rintetti jogok<\/strong><\/p>\n\n\n\n<p>A brit GDPR szab\u00e1lyai alapj\u00e1n \u00d6n jogosult hozz\u00e1f\u00e9r\u00e9st, helyesb\u00edt\u00e9st, t\u00f6rl\u00e9st k\u00e9rni, illetve panaszt beny\u00fajtani az ICO-n\u00e1l.<\/p>","protected":false},"excerpt":{"rendered":"<p>ENGLISH VERSION 1. Data Controller The Association acts as data controller. The data administration is overseen by Hungarian Culture and Heritage Society. 2. Data Collected We may collect: 3. Lawful Basis Processing is based on: 4. Data Retention Data is stored securely and retained only as long as necessary. 5. Your Rights Under UK GDPR [&hellip;]<\/p>\n","protected":false},"author":1,"featured_media":0,"parent":0,"menu_order":0,"comment_status":"closed","ping_status":"closed","template":"","meta":{"_acf_changed":false,"footnotes":""},"class_list":["post-1753","page","type-page","status-publish","hentry"],"acf":[],"_links":{"self":[{"href":"https:\/\/amve.org.uk\/en\/wp-json\/wp\/v2\/pages\/1753","targetHints":{"allow":["GET"]}}],"collection":[{"href":"https:\/\/amve.org.uk\/en\/wp-json\/wp\/v2\/pages"}],"about":[{"href":"https:\/\/amve.org.uk\/en\/wp-json\/wp\/v2\/types\/page"}],"author":[{"embeddable":true,"href":"https:\/\/amve.org.uk\/en\/wp-json\/wp\/v2\/users\/1"}],"replies":[{"embeddable":true,"href":"https:\/\/amve.org.uk\/en\/wp-json\/wp\/v2\/comments?post=1753"}],"version-history":[{"count":3,"href":"https:\/\/amve.org.uk\/en\/wp-json\/wp\/v2\/pages\/1753\/revisions"}],"predecessor-version":[{"id":2419,"href":"https:\/\/amve.org.uk\/en\/wp-json\/wp\/v2\/pages\/1753\/revisions\/2419"}],"wp:attachment":[{"href":"https:\/\/amve.org.uk\/en\/wp-json\/wp\/v2\/media?parent=1753"}],"curies":[{"name":"wp","href":"https:\/\/api.w.org\/{rel}","templated":true}]}}